{"id":1629,"date":"2020-08-07T20:21:50","date_gmt":"2020-08-07T20:21:50","guid":{"rendered":"https:\/\/organizacionsarsar.com\/centromedico\/?page_id=1629"},"modified":"2021-06-11T13:02:04","modified_gmt":"2021-06-11T13:02:04","slug":"quienes-somos","status":"publish","type":"page","link":"https:\/\/organizacionsarsar.com\/centromedico\/quienes-somos\/","title":{"rendered":"Qui\u00e9nes somos"},"content":{"rendered":"<p>[vc_row full_width=\u00bbstretch_row\u00bb el_class=\u00bbopacity-video-bg\u00bb css=\u00bb.vc_custom_1596832411318{margin-top: -80px !important;margin-bottom: 8vh !important;padding-top: 32vh !important;padding-bottom: 25vh !important;background: #0a0a0a url(https:\/\/organizacionsarsar.com\/centromedico\/wp-content\/uploads\/2020\/08\/quienes-somos-centro-medico.jpg?id=1635) !important;background-position: center !important;background-repeat: no-repeat !important;background-size: cover !important;}\u00bb mobile_bg_img_hidden=\u00bbno\u00bb tablet_bg_img_hidden=\u00bbno\u00bb woodmart_parallax=\u00bb0&#8243; woodmart_gradient_switch=\u00bbno\u00bb row_reverse_mobile=\u00bb0&#8243; row_reverse_tablet=\u00bb0&#8243; woodmart_disable_overflow=\u00bb0&#8243;][vc_column css=\u00bb.vc_custom_1499517305703{padding-top: 0px !important;}\u00bb el_class=\u00bbtext-center\u00bb][vc_empty_space height=\u00bb150px\u00bb woodmart_hide_large=\u00bb0&#8243; woodmart_hide_medium=\u00bb0&#8243; woodmart_hide_small=\u00bb0&#8243; woodmart_hide_extra_small=\u00bb0&#8243;]\t\t\n\t\t<div id=\"wd-5f235908329c4\" class=\"title-wrapper  woodmart-title-color-white woodmart-title-style-default woodmart-title-width-40 text-center woodmart-title-size-extra-large \">\n\t\t\t\t\t\t\n\t\t\t<div class=\"liner-continer\">\n\t\t\t\t<span class=\"left-line\"><\/span>\n\t\t\t\t<h4 class=\"woodmart-title-container title  woodmart-font-weight-\" >Qui\u00e9nes somos<\/h4>\t\t\t\t\t\t\t\t<span class=\"right-line\"><\/span>\n\t\t\t<\/div>\n\t\t\t\n\t\t\t\t\t\t\n\t\t\t\t\t<\/div>\n\t\t\n\t\t[vc_empty_space height=\u00bb50px\u00bb woodmart_hide_large=\u00bb0&#8243; woodmart_hide_medium=\u00bb0&#8243; woodmart_hide_small=\u00bb0&#8243; woodmart_hide_extra_small=\u00bb0&#8243;][\/vc_column][\/vc_row][vc_row css=\u00bb.vc_custom_1499600383384{margin-bottom: 8vh !important;}\u00bb][vc_column offset=\u00bbvc_col-lg-offset-2 vc_col-lg-8 vc_col-md-offset-2 vc_col-md-8 vc_col-sm-offset-0&#8243; css=\u00bb.vc_custom_1499599304156{padding-top: 0px !important;}\u00bb]\t\t\n\t\t<div id=\"wd-5f235807cb182\" class=\"title-wrapper  woodmart-title-color-default woodmart-title-style-default woodmart-title-width-100 text-left woodmart-title-size-extra-large vc_custom_1596151819862\">\n\t\t\t\t\t\t\n\t\t\t<div class=\"liner-continer\">\n\t\t\t\t<span class=\"left-line\"><\/span>\n\t\t\t\t<h4 class=\"woodmart-title-container title  woodmart-font-weight-\" >Nuestra historia<\/h4>\t\t\t\t\t\t\t\t<span class=\"right-line\"><\/span>\n\t\t\t<\/div>\n\t\t\t\n\t\t\t\t\t\t\n\t\t\t\t\t<\/div>\n\t\t\n\t\t[vc_row_inner][vc_column_inner css=\u00bb.vc_custom_1494857398526{padding-top: 0px !important;}\u00bb][vc_column_text css=\u00bb.vc_custom_1623416523151{margin-bottom: 20px !important;}\u00bb text_larger=\u00bbno\u00bb]<\/p>\n<p class=\"p1\">A fin de cubrir las necesidades de las aseguradoras de riesgos de trabajo, para la atenci\u00f3n de accidentados de la Zona Este de la Provincia de Mendoza, nace en noviembre de 2007, el Centro M\u00e9dico Laboral, con el inestimable apoyo de Prevenci\u00f3n A.R.T. S.A.<\/p>\n<p>[\/vc_column_text][vc_column_text css=\u00bb.vc_custom_1619449002443{margin-bottom: 20px !important;}\u00bb text_larger=\u00bbno\u00bb]El objetivo es, fue y ser\u00e1, estar m\u00e1s cerca del accidentado, brindandole servicios de asistencia primaria y rehabilitaci\u00f3n. Adem\u00e1s, limita los traslados desde y hacia la Ciudad de Mendoza, evitando demoras y logrando una mejor prestaci\u00f3n del servicio.[\/vc_column_text][\/vc_column_inner][\/vc_row_inner][\/vc_column][\/vc_row][vc_section full_width=\u00bbstretch_row\u00bb css=\u00bb.vc_custom_1623078294531{margin-bottom: -50px !important;padding-top: 8vh !important;padding-bottom: 8vh !important;background-color: rgba(10,10,10,0.5) !important;background-position: center !important;background-repeat: no-repeat !important;background-size: cover !important;*background-color: rgb(10,10,10) !important;}\u00bb mobile_bg_img_hidden=\u00bbno\u00bb tablet_bg_img_hidden=\u00bbno\u00bb woodmart_parallax=\u00bb0&#8243; woodmart_gradient_switch=\u00bbno\u00bb woodmart_disable_overflow=\u00bb0&#8243;][vc_row equal_height=\u00bbyes\u00bb content_placement=\u00bbmiddle\u00bb css=\u00bb.vc_custom_1499604445501{margin-right: -25px !important;margin-left: -25px !important;}\u00bb][vc_column width=\u00bb1\/2&#8243; woodmart_color_scheme=\u00bblight\u00bb css=\u00bb.vc_custom_1499604612121{padding-top: 10px !important;padding-right: 25px !important;padding-bottom: 10px !important;padding-left: 25px !important;}\u00bb][vc_row_inner css=\u00bb.vc_custom_1499603294997{margin-right: 0px !important;margin-left: 0px !important;border-bottom-width: 1px !important;border-bottom-color: rgba(255,255,255,0.3) !important;border-bottom-style: solid !important;}\u00bb][vc_column_inner width=\u00bb1\/2&#8243; css=\u00bb.vc_custom_1499604113587{border-right-width: 1px !important;padding-top: 35px !important;border-right-color: rgba(255,255,255,0.3) !important;border-right-style: solid !important;}\u00bb offset=\u00bbvc_col-xs-6&#8243;]\t\t\t<div class=\"woodmart-counter  counter-large text-center color-scheme- \" id=\"wd-5f68ab7843283\">\n\t\t\t\t<span class=\"counter-value woodmart-font-weight-600\" data-state=\"new\" data-final=\"+12000\">+12000<\/span>\n\t\t\t\t\t\t\t\t\t<span class=\"counter-label\">Prestaciones anuales<\/span>\n\t\t\t\t\n\t\t\t\t\t\t\t<\/div>\n\t\t\t\n\t\t[\/vc_column_inner][vc_column_inner width=\u00bb1\/2&#8243; css=\u00bb.vc_custom_1499604100036{padding-top: 35px !important;}\u00bb offset=\u00bbvc_col-xs-6&#8243;]\t\t\t<div class=\"woodmart-counter  counter-large text-center color-scheme- \" id=\"wd-5f68ab36b74bb\">\n\t\t\t\t<span class=\"counter-value woodmart-font-weight-600\" data-state=\"new\" data-final=\"2200\">2200<\/span>\n\t\t\t\t\t\t\t\t\t<span class=\"counter-label\">Clientes que conf\u00edan en nosotros<\/span>\n\t\t\t\t\n\t\t\t\t\t\t\t<\/div>\n\t\t\t\n\t\t[\/vc_column_inner][\/vc_row_inner][vc_row_inner css=\u00bb.vc_custom_1499603294997{margin-right: 0px !important;margin-left: 0px !important;border-bottom-width: 1px !important;border-bottom-color: rgba(255,255,255,0.3) !important;border-bottom-style: solid !important;}\u00bb][vc_column_inner width=\u00bb1\/2&#8243; css=\u00bb.vc_custom_1499604519781{border-right-width: 1px !important;padding-top: 35px !important;border-right-color: rgba(255,255,255,0.3) !important;border-right-style: solid !important;}\u00bb offset=\u00bbvc_col-xs-6&#8243;]\t\t\t<div class=\"woodmart-counter  counter-large text-center color-scheme- \" id=\"wd-5f68ab842b646\">\n\t\t\t\t<span class=\"counter-value woodmart-font-weight-600\" data-state=\"new\" data-final=\"25\">25<\/span>\n\t\t\t\t\t\t\t\t\t<span class=\"counter-label\">Nuestro equipo de trabajo<\/span>\n\t\t\t\t\n\t\t\t\t\t\t\t<\/div>\n\t\t\t\n\t\t[\/vc_column_inner][vc_column_inner width=\u00bb1\/2&#8243; css=\u00bb.vc_custom_1499604526470{padding-top: 35px !important;}\u00bb offset=\u00bbvc_col-xs-6&#8243;]\t\t\t<div class=\"woodmart-counter  counter-large text-center color-scheme- \" id=\"wd-5f68ab7cf0c0c\">\n\t\t\t\t<span class=\"counter-value woodmart-font-weight-600\" data-state=\"new\" data-final=\"1\">1<\/span>\n\t\t\t\t\t\t\t\t\t<span class=\"counter-label\">Centro laboral<\/span>\n\t\t\t\t\n\t\t\t\t\t\t\t<\/div>\n\t\t\t\n\t\t[\/vc_column_inner][\/vc_row_inner][\/vc_column][vc_column width=\u00bb1\/2&#8243; css=\u00bb.vc_custom_1499604620360{padding-top: 10px !important;padding-right: 35px !important;padding-bottom: 10px !important;padding-left: 35px !important;}\u00bb]\t\t\n\t\t<div id=\"wd-5f639d1e121fe\" class=\"title-wrapper  woodmart-title-color-white woodmart-title-style-default woodmart-title-width-90 text-left woodmart-title-size-extra-large vc_custom_1600363815960\">\n\t\t\t\t\t\t\n\t\t\t<div class=\"liner-continer\">\n\t\t\t\t<span class=\"left-line\"><\/span>\n\t\t\t\t<h4 class=\"woodmart-title-container title  woodmart-font-weight-\" >Nuestros n\u00fameros<\/h4>\t\t\t\t\t\t\t\t<span class=\"right-line\"><\/span>\n\t\t\t<\/div>\n\t\t\t\n\t\t\t\t\t\t\n\t\t\t\t\t<\/div>\n\t\t\n\t\t<div id=\"wd-5f639d4283d2f\" class=\"woodmart-button-wrapper text-center inline-element\"><a href=\"https:\/\/organizacionsarsar.com\/centromedico\/contacto\/\" title=\"Contacto\" class=\"btn btn-color-white btn-style-bordered btn-shape-round btn-size-default\">CONT\u00c1CTANOS<\/a><\/div>[\/vc_column][\/vc_row][\/vc_section]<\/p>\n","protected":false},"excerpt":{"rendered":"<p>[vc_row full_width=\u00bbstretch_row\u00bb el_class=\u00bbopacity-video-bg\u00bb css=\u00bb.vc_custom_1596832411318{margin-top: -80px !important;margin-bottom: 8vh !important;padding-top: 32vh !important;padding-bottom: 25vh !important;background: #0a0a0a url(https:\/\/organizacionsarsar.com\/centromedico\/wp-content\/uploads\/2020\/08\/quienes-somos-centro-medico.jpg?id=1635) !important;background-position: center !important;background-repeat: no-repeat !important;background-size: cover<\/p>\n","protected":false},"author":2,"featured_media":0,"parent":0,"menu_order":0,"comment_status":"closed","ping_status":"closed","template":"","meta":{"footnotes":""},"class_list":["post-1629","page","type-page","status-publish","hentry"],"_links":{"self":[{"href":"https:\/\/organizacionsarsar.com\/centromedico\/wp-json\/wp\/v2\/pages\/1629","targetHints":{"allow":["GET"]}}],"collection":[{"href":"https:\/\/organizacionsarsar.com\/centromedico\/wp-json\/wp\/v2\/pages"}],"about":[{"href":"https:\/\/organizacionsarsar.com\/centromedico\/wp-json\/wp\/v2\/types\/page"}],"author":[{"embeddable":true,"href":"https:\/\/organizacionsarsar.com\/centromedico\/wp-json\/wp\/v2\/users\/2"}],"replies":[{"embeddable":true,"href":"https:\/\/organizacionsarsar.com\/centromedico\/wp-json\/wp\/v2\/comments?post=1629"}],"version-history":[{"count":20,"href":"https:\/\/organizacionsarsar.com\/centromedico\/wp-json\/wp\/v2\/pages\/1629\/revisions"}],"predecessor-version":[{"id":1905,"href":"https:\/\/organizacionsarsar.com\/centromedico\/wp-json\/wp\/v2\/pages\/1629\/revisions\/1905"}],"wp:attachment":[{"href":"https:\/\/organizacionsarsar.com\/centromedico\/wp-json\/wp\/v2\/media?parent=1629"}],"curies":[{"name":"wp","href":"https:\/\/api.w.org\/{rel}","templated":true}]}}