{"id":1750,"date":"2020-08-03T14:33:03","date_gmt":"2020-08-03T14:33:03","guid":{"rendered":"https:\/\/organizacionsarsar.com\/organizacion\/?page_id=1750"},"modified":"2021-06-11T12:46:10","modified_gmt":"2021-06-11T12:46:10","slug":"nuestro-equipo","status":"publish","type":"page","link":"https:\/\/organizacionsarsar.com\/organizacion\/nuestro-equipo\/","title":{"rendered":"Nuestro equipo"},"content":{"rendered":"<p>[vc_row full_width=\u00bbstretch_row\u00bb el_class=\u00bbopacity-video-bg\u00bb css=\u00bb.vc_custom_1597072579740{margin-top: -80px !important;margin-bottom: 8vh !important;padding-top: 32vh !important;padding-bottom: 25vh !important;background: #0a0a0a url(https:\/\/organizacionsarsar.com\/organizacion\/wp-content\/uploads\/2020\/08\/equipo.jpg?id=1814) !important;background-position: center !important;background-repeat: no-repeat !important;background-size: cover !important;}\u00bb mobile_bg_img_hidden=\u00bbno\u00bb tablet_bg_img_hidden=\u00bbno\u00bb woodmart_parallax=\u00bb0&#8243; woodmart_gradient_switch=\u00bbno\u00bb row_reverse_mobile=\u00bb0&#8243; row_reverse_tablet=\u00bb0&#8243; woodmart_disable_overflow=\u00bb0&#8243;][vc_column css=\u00bb.vc_custom_1499517305703{padding-top: 0px !important;}\u00bb el_class=\u00bbtext-center\u00bb][vc_empty_space height=\u00bb300px\u00bb woodmart_hide_large=\u00bb0&#8243; woodmart_hide_medium=\u00bb0&#8243; woodmart_hide_small=\u00bb0&#8243; woodmart_hide_extra_small=\u00bb0&#8243;][\/vc_column][\/vc_row][vc_row css=\u00bb.vc_custom_1499600383384{margin-bottom: 8vh !important;}\u00bb][vc_column offset=\u00bbvc_col-lg-offset-2 vc_col-lg-8 vc_col-md-offset-2 vc_col-md-8 vc_col-sm-offset-0&#8243; css=\u00bb.vc_custom_1499599304156{padding-top: 0px !important;}\u00bb]\t\t\n\t\t<div id=\"wd-5f28220501580\" class=\"title-wrapper  woodmart-title-color-default woodmart-title-style-default woodmart-title-width-100 text-left woodmart-title-size-extra-large vc_custom_1596465674158\">\n\t\t\t\t\t\t\n\t\t\t<div class=\"liner-continer\">\n\t\t\t\t<span class=\"left-line\"><\/span>\n\t\t\t\t<h4 class=\"woodmart-title-container title  woodmart-font-weight-\" >Nuestro equipo<\/h4>\t\t\t\t\t\t\t\t<span class=\"right-line\"><\/span>\n\t\t\t<\/div>\n\t\t\t\n\t\t\t\t\t\t\n\t\t\t\t\t<\/div>\n\t\t\n\t\t[vc_row_inner][vc_column_inner css=\u00bb.vc_custom_1494857398526{padding-top: 0px !important;}\u00bb][vc_column_text css=\u00bb.vc_custom_1623415568176{margin-bottom: 20px !important;}\u00bb text_larger=\u00bbno\u00bb]Constituida como una empresa familiar compuesta por Oscar Edgardo Sar Sar y Nancy Paula Alonso, fue creciendo en estructura, constituy\u00e9ndose en referente en el rubro.<\/p>\n<p>Actualmente se ha integrado un equipo de venta y administraci\u00f3n de alt\u00edsimo nivel, compuesto de gente joven con alto esp\u00edritu colaborativo.[\/vc_column_text][\/vc_column_inner][\/vc_row_inner][\/vc_column][\/vc_row]<\/p>\n","protected":false},"excerpt":{"rendered":"<p>[vc_row full_width=\u00bbstretch_row\u00bb el_class=\u00bbopacity-video-bg\u00bb css=\u00bb.vc_custom_1597072579740{margin-top: -80px !important;margin-bottom: 8vh !important;padding-top: 32vh !important;padding-bottom: 25vh !important;background: #0a0a0a url(https:\/\/organizacionsarsar.com\/organizacion\/wp-content\/uploads\/2020\/08\/equipo.jpg?id=1814) !important;background-position: center !important;background-repeat: no-repeat !important;background-size: cover<\/p>\n","protected":false},"author":2,"featured_media":0,"parent":0,"menu_order":0,"comment_status":"closed","ping_status":"closed","template":"","meta":{"footnotes":""},"class_list":["post-1750","page","type-page","status-publish","hentry"],"_links":{"self":[{"href":"https:\/\/organizacionsarsar.com\/organizacion\/wp-json\/wp\/v2\/pages\/1750","targetHints":{"allow":["GET"]}}],"collection":[{"href":"https:\/\/organizacionsarsar.com\/organizacion\/wp-json\/wp\/v2\/pages"}],"about":[{"href":"https:\/\/organizacionsarsar.com\/organizacion\/wp-json\/wp\/v2\/types\/page"}],"author":[{"embeddable":true,"href":"https:\/\/organizacionsarsar.com\/organizacion\/wp-json\/wp\/v2\/users\/2"}],"replies":[{"embeddable":true,"href":"https:\/\/organizacionsarsar.com\/organizacion\/wp-json\/wp\/v2\/comments?post=1750"}],"version-history":[{"count":8,"href":"https:\/\/organizacionsarsar.com\/organizacion\/wp-json\/wp\/v2\/pages\/1750\/revisions"}],"predecessor-version":[{"id":2321,"href":"https:\/\/organizacionsarsar.com\/organizacion\/wp-json\/wp\/v2\/pages\/1750\/revisions\/2321"}],"wp:attachment":[{"href":"https:\/\/organizacionsarsar.com\/organizacion\/wp-json\/wp\/v2\/media?parent=1750"}],"curies":[{"name":"wp","href":"https:\/\/api.w.org\/{rel}","templated":true}]}}