{"id":1872,"date":"2020-08-19T15:43:41","date_gmt":"2020-08-19T15:43:41","guid":{"rendered":"https:\/\/organizacionsarsar.com\/organizacion\/?page_id=1872"},"modified":"2020-09-11T13:37:58","modified_gmt":"2020-09-11T13:37:58","slug":"prevencion-salud","status":"publish","type":"page","link":"https:\/\/organizacionsarsar.com\/organizacion\/prevencion-salud\/","title":{"rendered":"Prevenci\u00f3n Salud"},"content":{"rendered":"<p>[vc_row full_width=\u00bbstretch_row\u00bb el_class=\u00bbopacity-video-bg\u00bb css=\u00bb.vc_custom_1598882275665{margin-top: -80px !important;padding-top: 32vh !important;padding-bottom: 25vh !important;background: #0a0a0a url(https:\/\/organizacionsarsar.com\/organizacion\/wp-content\/uploads\/2020\/08\/prevencion-salud-1.jpg?id=2077) !important;background-position: center !important;background-repeat: no-repeat !important;background-size: cover !important;}\u00bb mobile_bg_img_hidden=\u00bbno\u00bb tablet_bg_img_hidden=\u00bbno\u00bb woodmart_parallax=\u00bb0&#8243; woodmart_gradient_switch=\u00bbno\u00bb row_reverse_mobile=\u00bb0&#8243; row_reverse_tablet=\u00bb0&#8243; woodmart_disable_overflow=\u00bb0&#8243;][vc_column css=\u00bb.vc_custom_1499517305703{padding-top: 0px !important;}\u00bb el_class=\u00bbtext-center\u00bb]\t\t\n\t\t<div id=\"wd-5f465ef7c46a9\" class=\"title-wrapper  woodmart-title-color-white woodmart-title-style-default woodmart-title-width-50 text-center woodmart-title-size-custom \">\n\t\t\t\t\t\t\n\t\t\t<div class=\"liner-continer\">\n\t\t\t\t<span class=\"left-line\"><\/span>\n\t\t\t\t<h3 class=\"woodmart-title-container title  woodmart-font-weight-600\" >PREVENCI\u00d3N SALUD<\/h3>\t\t\t\t\t\t\t\t<span class=\"right-line\"><\/span>\n\t\t\t<\/div>\n\t\t\t\n\t\t\t\t\t\t\n\t\t\t\t\t<\/div>\n\t\t\n\t\t[\/vc_column][\/vc_row][vc_row css=\u00bb.vc_custom_1598449576898{margin-top: 8vh !important;margin-bottom: 8vh !important;}\u00bb mobile_bg_img_hidden=\u00bbno\u00bb tablet_bg_img_hidden=\u00bbno\u00bb woodmart_parallax=\u00bb0&#8243; woodmart_gradient_switch=\u00bbno\u00bb row_reverse_mobile=\u00bb0&#8243; row_reverse_tablet=\u00bb0&#8243; woodmart_disable_overflow=\u00bb0&#8243;][vc_column]\t\t\n\t\t<div id=\"wd-5f4668119ba17\" class=\"title-wrapper  woodmart-title-color-alt woodmart-title-style-default woodmart-title-width-100 text-left woodmart-title-size-custom \">\n\t\t\t\t\t\t\n\t\t\t<div class=\"liner-continer\">\n\t\t\t\t<span class=\"left-line\"><\/span>\n\t\t\t\t<h4 class=\"woodmart-title-container title  woodmart-font-weight-\" >Nuestros planes<\/h4>\t\t\t\t\t\t\t\t<span class=\"right-line\"><\/span>\n\t\t\t<\/div>\n\t\t\t\n\t\t\t\t\t\t\t<div class=\"title-after_title\">Recib\u00ed la mejor atenci\u00f3n con nuestros planes. Afiliate.<\/div>\n\t\t\t\t\t\t\n\t\t\t\t\t<\/div>\n\t\t\n\t\t[\/vc_column][\/vc_row][vc_row equal_height=\u00bbyes\u00bb mobile_bg_img_hidden=\u00bbno\u00bb tablet_bg_img_hidden=\u00bbno\u00bb woodmart_parallax=\u00bb0&#8243; woodmart_gradient_switch=\u00bbno\u00bb row_reverse_mobile=\u00bb0&#8243; row_reverse_tablet=\u00bb0&#8243; woodmart_disable_overflow=\u00bb0&#8243;][vc_column width=\u00bb1\/4&#8243;]\t\t\t<div class=\"info-box-wrapper \">\n\t\t\t\t<div id=\"wd-5f4d03ee4741d\" class=\" woodmart-info-box text-left box-icon-align-top box-style-shadow color-scheme-dark woodmart-bg-none box-title-extra-large with-btn box-btn-static vc_custom_1598882805520\"  >\n\t\t\t\t\t\t\t\t\t\t\t<div class=\"box-icon-wrapper  box-with-icon box-icon-simple\">\n\t\t\t\t\t\t\t<div class=\"info-box-icon\">\n\n\t\t\t\t\t\t\t\n\t\t\t\t\t\t\t\t\t\t\t\t\t\t\t\t\t<img loading=\"lazy\" decoding=\"async\" width=\"300\" height=\"75\" src=\"https:\/\/organizacionsarsar.com\/organizacion\/wp-content\/uploads\/2020\/08\/plan-acc-logo920180822103736031-300x75.png\" class=\"info-icon image-1 attachment-medium\" alt=\"\" srcset=\"https:\/\/organizacionsarsar.com\/organizacion\/wp-content\/uploads\/2020\/08\/plan-acc-logo920180822103736031-300x75.png 300w, https:\/\/organizacionsarsar.com\/organizacion\/wp-content\/uploads\/2020\/08\/plan-acc-logo920180822103736031.png 400w\" sizes=\"auto, (max-width: 300px) 100vw, 300px\" \/>\t\t\t\t\t\t\t\t\t\t\t\t\t\t\t\t\n\t\t\t\t\t\t\t\n\t\t\t\t\t\t\t<\/div>\n\t\t\t\t\t\t<\/div>\n\t\t\t\t\t\t\t\t\t\t<div class=\"info-box-content\">\n\t\t\t\t\t\t\t\t\t\t\t\t<div class=\"info-box-inner reset-mb-10\">\n\t\t\t\t\t\t\t<p>Cobertura esencial a precio conveniente. Prestadores seg\u00fan cartilla.<\/p>\n\t\t\t\t\t\t<\/div>\n\n\t\t\t\t\t\t<div class=\"info-btn-wrapper\"><div id=\"wd-69f2b7c88e851\" class=\"woodmart-button-wrapper text-left\"><a href=\"https:\/\/organizacionsarsar.com\/organizacion\/plan-a-con-copago\/\" title=\"PLAN A CON COPAGO\" class=\"btn btn-color-primary btn-style-bordered btn-shape-round btn-size-default\">VER M\u00c1S<\/a><\/div><\/div>\t\t\t\t\t\t\n\t\t\t\t\t<\/div>\n\n\t\t\t\t\t<style>#wd-5f4d03ee4741d .info-box-subtitle{background-color:  !important;}<\/style>\t\t\t\t<\/div>\n\t\t\t<\/div>\n\t\t[\/vc_column][vc_column width=\u00bb1\/4&#8243;]\t\t\t<div class=\"info-box-wrapper \">\n\t\t\t\t<div id=\"wd-5f4d094c27845\" class=\" woodmart-info-box text-left box-icon-align-top box-style-shadow color-scheme-dark woodmart-bg-none box-title-extra-large with-btn box-btn-static vc_custom_1598884190411\"  >\n\t\t\t\t\t\t\t\t\t\t\t<div class=\"box-icon-wrapper  box-with-icon box-icon-simple\">\n\t\t\t\t\t\t\t<div class=\"info-box-icon\">\n\n\t\t\t\t\t\t\t\n\t\t\t\t\t\t\t\t\t\t\t\t\t\t\t\t\t<img loading=\"lazy\" decoding=\"async\" width=\"300\" height=\"75\" src=\"https:\/\/organizacionsarsar.com\/organizacion\/wp-content\/uploads\/2020\/08\/plan-a1-logo1020180822103917631-300x75.png\" class=\"info-icon image-1 attachment-medium\" alt=\"\" srcset=\"https:\/\/organizacionsarsar.com\/organizacion\/wp-content\/uploads\/2020\/08\/plan-a1-logo1020180822103917631-300x75.png 300w, https:\/\/organizacionsarsar.com\/organizacion\/wp-content\/uploads\/2020\/08\/plan-a1-logo1020180822103917631.png 400w\" sizes=\"auto, (max-width: 300px) 100vw, 300px\" \/>\t\t\t\t\t\t\t\t\t\t\t\t\t\t\t\t\n\t\t\t\t\t\t\t\n\t\t\t\t\t\t\t<\/div>\n\t\t\t\t\t\t<\/div>\n\t\t\t\t\t\t\t\t\t\t<div class=\"info-box-content\">\n\t\t\t\t\t\t\t\t\t\t\t\t<div class=\"info-box-inner reset-mb-10\">\n\t\t\t\t\t\t\t<p>Cobertura esencial sin copago. Consultorio m\u00e9dico virtual.<\/p>\n\t\t\t\t\t\t<\/div>\n\n\t\t\t\t\t\t<div class=\"info-btn-wrapper\"><div id=\"wd-69f2b7c88f07d\" class=\"woodmart-button-wrapper text-left\"><a href=\"https:\/\/organizacionsarsar.com\/organizacion\/plan-a1\/\" title=\"PLAN A1\" class=\"btn btn-color-primary btn-style-bordered btn-shape-round btn-size-default\">VER M\u00c1S<\/a><\/div><\/div>\t\t\t\t\t\t\n\t\t\t\t\t<\/div>\n\n\t\t\t\t\t<style>#wd-5f4d094c27845 .info-box-subtitle{background-color:  !important;}<\/style>\t\t\t\t<\/div>\n\t\t\t<\/div>\n\t\t[\/vc_column][vc_column width=\u00bb1\/4&#8243;]\t\t\t<div class=\"info-box-wrapper \">\n\t\t\t\t<div id=\"wd-5f4d0c598e2ca\" class=\" woodmart-info-box text-left box-icon-align-top box-style-shadow color-scheme-dark woodmart-bg-none box-title-extra-large with-btn box-btn-static vc_custom_1598884968465\"  >\n\t\t\t\t\t\t\t\t\t\t\t<div class=\"box-icon-wrapper  box-with-icon box-icon-simple\">\n\t\t\t\t\t\t\t<div class=\"info-box-icon\">\n\n\t\t\t\t\t\t\t\n\t\t\t\t\t\t\t\t\t\t\t\t\t\t\t\t\t<img loading=\"lazy\" decoding=\"async\" width=\"300\" height=\"75\" src=\"https:\/\/organizacionsarsar.com\/organizacion\/wp-content\/uploads\/2020\/08\/plan-a2-logo1120180822103941235-300x75.png\" class=\"info-icon image-1 attachment-medium\" alt=\"\" srcset=\"https:\/\/organizacionsarsar.com\/organizacion\/wp-content\/uploads\/2020\/08\/plan-a2-logo1120180822103941235-300x75.png 300w, https:\/\/organizacionsarsar.com\/organizacion\/wp-content\/uploads\/2020\/08\/plan-a2-logo1120180822103941235.png 400w\" sizes=\"auto, (max-width: 300px) 100vw, 300px\" \/>\t\t\t\t\t\t\t\t\t\t\t\t\t\t\t\t\n\t\t\t\t\t\t\t\n\t\t\t\t\t\t\t<\/div>\n\t\t\t\t\t\t<\/div>\n\t\t\t\t\t\t\t\t\t\t<div class=\"info-box-content\">\n\t\t\t\t\t\t\t\t\t\t\t\t<div class=\"info-box-inner reset-mb-10\">\n\t\t\t\t\t\t\t<p>Cartilla abierta con reintegros. Habitaci\u00f3n individual. 100% cobertura en ortodoncia. Acced\u00e9s a nuestros programas preventivos. Cobertura en pa\u00edses lim\u00edtrofes.<\/p>\n\t\t\t\t\t\t<\/div>\n\n\t\t\t\t\t\t<div class=\"info-btn-wrapper\"><div id=\"wd-69f2b7c88f949\" class=\"woodmart-button-wrapper text-left\"><a href=\"https:\/\/organizacionsarsar.com\/organizacion\/plan-a2\/\" title=\"PLAN A2\" class=\"btn btn-color-primary btn-style-bordered btn-shape-round btn-size-default\">VER M\u00c1S<\/a><\/div><\/div>\t\t\t\t\t\t\n\t\t\t\t\t<\/div>\n\n\t\t\t\t\t<style>#wd-5f4d0c598e2ca .info-box-subtitle{background-color:  !important;}<\/style>\t\t\t\t<\/div>\n\t\t\t<\/div>\n\t\t[\/vc_column][vc_column width=\u00bb1\/4&#8243;]\t\t\t<div class=\"info-box-wrapper \">\n\t\t\t\t<div id=\"wd-5f4d108bd53fc\" class=\" woodmart-info-box text-left box-icon-align-top box-style-shadow color-scheme-dark woodmart-bg-none box-title-extra-large with-btn box-btn-static vc_custom_1598886056938\"  >\n\t\t\t\t\t\t\t\t\t\t\t<div class=\"box-icon-wrapper  box-with-icon box-icon-simple\">\n\t\t\t\t\t\t\t<div class=\"info-box-icon\">\n\n\t\t\t\t\t\t\t\n\t\t\t\t\t\t\t\t\t\t\t\t\t\t\t\t\t<img loading=\"lazy\" decoding=\"async\" width=\"300\" height=\"75\" src=\"https:\/\/organizacionsarsar.com\/organizacion\/wp-content\/uploads\/2020\/08\/plan-a3-logo1220180822104001083-300x75.png\" class=\"info-icon image-1 attachment-medium\" alt=\"\" srcset=\"https:\/\/organizacionsarsar.com\/organizacion\/wp-content\/uploads\/2020\/08\/plan-a3-logo1220180822104001083-300x75.png 300w, https:\/\/organizacionsarsar.com\/organizacion\/wp-content\/uploads\/2020\/08\/plan-a3-logo1220180822104001083.png 400w\" sizes=\"auto, (max-width: 300px) 100vw, 300px\" \/>\t\t\t\t\t\t\t\t\t\t\t\t\t\t\t\t\n\t\t\t\t\t\t\t\n\t\t\t\t\t\t\t<\/div>\n\t\t\t\t\t\t<\/div>\n\t\t\t\t\t\t\t\t\t\t<div class=\"info-box-content\">\n\t\t\t\t\t\t\t\t\t\t\t\t<div class=\"info-box-inner reset-mb-10\">\n\t\t\t\t\t\t\t<\/p>\n<div class=\"scrollable-container ps-container\" data-ps-id=\"c80a5348-71f2-fcef-3a9d-f88b16204510\">\n<div class=\"cards-container \">\n<div class=\"info-card \">\n<p>Mayor cobertura en pr\u00f3tesis importadas. Ecograf\u00edas 3D y 4D incluidas. 100% en cirug\u00eda refractiva.<\/p>\n<\/div>\n<\/div>\n<\/div>\n<p>\n\t\t\t\t\t\t<\/div>\n\n\t\t\t\t\t\t<div class=\"info-btn-wrapper\"><div id=\"wd-69f2b7c89012e\" class=\"woodmart-button-wrapper text-left\"><a href=\"https:\/\/organizacionsarsar.com\/organizacion\/plan-a3\/\" title=\"PLAN A2\" class=\"btn btn-color-primary btn-style-bordered btn-shape-round btn-size-default\">VER M\u00c1S<\/a><\/div><\/div>\t\t\t\t\t\t\n\t\t\t\t\t<\/div>\n\n\t\t\t\t\t<style>#wd-5f4d108bd53fc .info-box-subtitle{background-color:  !important;}<\/style>\t\t\t\t<\/div>\n\t\t\t<\/div>\n\t\t[\/vc_column][\/vc_row][vc_row css=\u00bb.vc_custom_1598451280140{margin-bottom: 10% !important;}\u00bb mobile_bg_img_hidden=\u00bbno\u00bb tablet_bg_img_hidden=\u00bbno\u00bb woodmart_parallax=\u00bb0&#8243; woodmart_gradient_switch=\u00bbno\u00bb row_reverse_mobile=\u00bb0&#8243; row_reverse_tablet=\u00bb0&#8243; woodmart_disable_overflow=\u00bb0&#8243;][vc_column width=\u00bb1\/4&#8243;]\t\t\t<div class=\"info-box-wrapper \">\n\t\t\t\t<div id=\"wd-5f4d6d4138070\" class=\" woodmart-info-box text-left box-icon-align-top box-style-shadow color-scheme-dark woodmart-bg-none box-title-extra-large with-btn box-btn-static vc_custom_1598909778722\"  >\n\t\t\t\t\t\t\t\t\t\t\t<div class=\"box-icon-wrapper  box-with-icon box-icon-simple\">\n\t\t\t\t\t\t\t<div class=\"info-box-icon\">\n\n\t\t\t\t\t\t\t\n\t\t\t\t\t\t\t\t\t\t\t\t\t\t\t\t\t<img loading=\"lazy\" decoding=\"async\" width=\"300\" height=\"75\" src=\"https:\/\/organizacionsarsar.com\/organizacion\/wp-content\/uploads\/2020\/08\/plan-a4-logo1320180822104021960-300x75.png\" class=\"info-icon image-1 attachment-medium\" alt=\"\" srcset=\"https:\/\/organizacionsarsar.com\/organizacion\/wp-content\/uploads\/2020\/08\/plan-a4-logo1320180822104021960-300x75.png 300w, https:\/\/organizacionsarsar.com\/organizacion\/wp-content\/uploads\/2020\/08\/plan-a4-logo1320180822104021960.png 400w\" sizes=\"auto, (max-width: 300px) 100vw, 300px\" \/>\t\t\t\t\t\t\t\t\t\t\t\t\t\t\t\t\n\t\t\t\t\t\t\t\n\t\t\t\t\t\t\t<\/div>\n\t\t\t\t\t\t<\/div>\n\t\t\t\t\t\t\t\t\t\t<div class=\"info-box-content\">\n\t\t\t\t\t\t\t\t\t\t\t\t<div class=\"info-box-inner reset-mb-10\">\n\t\t\t\t\t\t\t<p>Cartilla con prestadores de mayor prestigio a nivel nacional, reintegros superadores y mayor cobertura en odontolog\u00eda, \u00f3ptica, kinesiolog\u00eda y fisioterapia.<\/p>\n\t\t\t\t\t\t<\/div>\n\n\t\t\t\t\t\t<div class=\"info-btn-wrapper\"><div id=\"wd-69f2b7c8908a4\" class=\"woodmart-button-wrapper text-left\"><a href=\"https:\/\/organizacionsarsar.com\/organizacion\/plan-a4\/\" title=\"PLAN A4\" class=\"btn btn-color-primary btn-style-bordered btn-shape-round btn-size-default\">VER M\u00c1S<\/a><\/div><\/div>\t\t\t\t\t\t\n\t\t\t\t\t<\/div>\n\n\t\t\t\t\t<style>#wd-5f4d6d4138070 .info-box-subtitle{background-color:  !important;}<\/style>\t\t\t\t<\/div>\n\t\t\t<\/div>\n\t\t[\/vc_column][vc_column width=\u00bb1\/4&#8243;]\t\t\t<div class=\"info-box-wrapper \">\n\t\t\t\t<div id=\"wd-5f4d6d2da52ab\" class=\" woodmart-info-box text-left box-icon-align-top box-style-shadow color-scheme-dark woodmart-bg-none box-title-extra-large with-btn box-btn-static vc_custom_1598909756774\"  >\n\t\t\t\t\t\t\t\t\t\t\t<div class=\"box-icon-wrapper  box-with-icon box-icon-simple\">\n\t\t\t\t\t\t\t<div class=\"info-box-icon\">\n\n\t\t\t\t\t\t\t\n\t\t\t\t\t\t\t\t\t\t\t\t\t\t\t\t\t<img loading=\"lazy\" decoding=\"async\" width=\"300\" height=\"75\" src=\"https:\/\/organizacionsarsar.com\/organizacion\/wp-content\/uploads\/2020\/08\/plan-a5-logo1420180822104120252-300x75.png\" class=\"info-icon image-1 attachment-medium\" alt=\"\" srcset=\"https:\/\/organizacionsarsar.com\/organizacion\/wp-content\/uploads\/2020\/08\/plan-a5-logo1420180822104120252-300x75.png 300w, https:\/\/organizacionsarsar.com\/organizacion\/wp-content\/uploads\/2020\/08\/plan-a5-logo1420180822104120252.png 400w\" sizes=\"auto, (max-width: 300px) 100vw, 300px\" \/>\t\t\t\t\t\t\t\t\t\t\t\t\t\t\t\t\n\t\t\t\t\t\t\t\n\t\t\t\t\t\t\t<\/div>\n\t\t\t\t\t\t<\/div>\n\t\t\t\t\t\t\t\t\t\t<div class=\"info-box-content\">\n\t\t\t\t\t\t\t\t\t\t\t\t<div class=\"info-box-inner reset-mb-10\">\n\t\t\t\t\t\t\t<p>Habitaci\u00f3n VIP en caso de internaci\u00f3n. Chequeo m\u00e9dico anual. Cobertura nacional e internacional.<\/p>\n\t\t\t\t\t\t<\/div>\n\n\t\t\t\t\t\t<div class=\"info-btn-wrapper\"><div id=\"wd-69f2b7c890fdf\" class=\"woodmart-button-wrapper text-left\"><a href=\"https:\/\/organizacionsarsar.com\/organizacion\/plan-a5\/\" title=\"PLAN A5\" class=\"btn btn-color-primary btn-style-bordered btn-shape-round btn-size-default\">VER M\u00c1S<\/a><\/div><\/div>\t\t\t\t\t\t\n\t\t\t\t\t<\/div>\n\n\t\t\t\t\t<style>#wd-5f4d6d2da52ab .info-box-subtitle{background-color:  !important;}<\/style>\t\t\t\t<\/div>\n\t\t\t<\/div>\n\t\t[\/vc_column][vc_column width=\u00bb1\/4&#8243;]\t\t\t<div class=\"info-box-wrapper \">\n\t\t\t\t<div id=\"wd-5f4d71f750444\" class=\" woodmart-info-box text-left box-icon-align-top box-style-shadow color-scheme-dark woodmart-bg-none box-title-extra-large with-btn box-btn-static vc_custom_1598910973609\"  >\n\t\t\t\t\t\t\t\t\t\t\t<div class=\"box-icon-wrapper  box-with-icon box-icon-simple\">\n\t\t\t\t\t\t\t<div class=\"info-box-icon\">\n\n\t\t\t\t\t\t\t\n\t\t\t\t\t\t\t\t\t\t\t\t\t\t\t\t\t<img loading=\"lazy\" decoding=\"async\" width=\"300\" height=\"75\" src=\"https:\/\/organizacionsarsar.com\/organizacion\/wp-content\/uploads\/2020\/08\/plan-a6-logo020170321115919124-300x75.png\" class=\"info-icon image-1 attachment-medium\" alt=\"\" srcset=\"https:\/\/organizacionsarsar.com\/organizacion\/wp-content\/uploads\/2020\/08\/plan-a6-logo020170321115919124-300x75.png 300w, https:\/\/organizacionsarsar.com\/organizacion\/wp-content\/uploads\/2020\/08\/plan-a6-logo020170321115919124.png 400w\" sizes=\"auto, (max-width: 300px) 100vw, 300px\" \/>\t\t\t\t\t\t\t\t\t\t\t\t\t\t\t\t\n\t\t\t\t\t\t\t\n\t\t\t\t\t\t\t<\/div>\n\t\t\t\t\t\t<\/div>\n\t\t\t\t\t\t\t\t\t\t<div class=\"info-box-content\">\n\t\t\t\t\t\t\t\t\t\t\t\t<div class=\"info-box-inner reset-mb-10\">\n\t\t\t\t\t\t\t<\/p>\n<div class=\"info-card \">\n<p>Abierto. Sin copago. Habitaci\u00f3n Suite.<\/p>\n<\/div>\n<p>\n\t\t\t\t\t\t<\/div>\n\n\t\t\t\t\t\t<div class=\"info-btn-wrapper\"><div id=\"wd-69f2b7c8917f1\" class=\"woodmart-button-wrapper text-left\"><a href=\"https:\/\/organizacionsarsar.com\/organizacion\/plan-a6\/\" title=\"PLAN A6\" class=\"btn btn-color-primary btn-style-bordered btn-shape-round btn-size-default\">VER M\u00c1S<\/a><\/div><\/div>\t\t\t\t\t\t\n\t\t\t\t\t<\/div>\n\n\t\t\t\t\t<style>#wd-5f4d71f750444 .info-box-subtitle{background-color:  !important;}<\/style>\t\t\t\t<\/div>\n\t\t\t<\/div>\n\t\t[\/vc_column][vc_column width=\u00bb1\/4&#8243;]\t\t\t<div class=\"info-box-wrapper \">\n\t\t\t\t<div id=\"wd-5f4d71edabd37\" class=\" woodmart-info-box text-left box-icon-align-top box-style-shadow color-scheme-dark woodmart-bg-none box-title-extra-large with-btn box-btn-static vc_custom_1598910964713\"  >\n\t\t\t\t\t\t\t\t\t\t\t<div class=\"box-icon-wrapper  box-with-icon box-icon-simple\">\n\t\t\t\t\t\t\t<div class=\"info-box-icon\">\n\n\t\t\t\t\t\t\t\n\t\t\t\t\t\t\t\t\t\t\t\t\t\t\t\t\t<img loading=\"lazy\" decoding=\"async\" width=\"300\" height=\"75\" src=\"https:\/\/organizacionsarsar.com\/organizacion\/wp-content\/uploads\/2020\/08\/plan-joven-logo020170321120514768-300x75.png\" class=\"info-icon image-1 attachment-medium\" alt=\"\" srcset=\"https:\/\/organizacionsarsar.com\/organizacion\/wp-content\/uploads\/2020\/08\/plan-joven-logo020170321120514768-300x75.png 300w, https:\/\/organizacionsarsar.com\/organizacion\/wp-content\/uploads\/2020\/08\/plan-joven-logo020170321120514768.png 400w\" sizes=\"auto, (max-width: 300px) 100vw, 300px\" \/>\t\t\t\t\t\t\t\t\t\t\t\t\t\t\t\t\n\t\t\t\t\t\t\t\n\t\t\t\t\t\t\t<\/div>\n\t\t\t\t\t\t<\/div>\n\t\t\t\t\t\t\t\t\t\t<div class=\"info-box-content\">\n\t\t\t\t\t\t\t\t\t\t\t\t<div class=\"info-box-inner reset-mb-10\">\n\t\t\t\t\t\t\t<\/p>\n<div class=\"empresas\">\n<div id=\"products\">\n<div class=\"cards-group \">\n<div class=\"scrollable-container ps-container\" data-ps-id=\"529d4f4f-1fd2-aa57-f855-95ed01f4b8b9\">\n<div class=\"cards-container \">\n<div class=\"info-card \">\n<p>Tu mundo es especial, tu plan de salud tambi\u00e9n.<\/p>\n<\/div>\n<\/div>\n<\/div>\n<\/div>\n<\/div>\n<\/div>\n<p>\n\t\t\t\t\t\t<\/div>\n\n\t\t\t\t\t\t<div class=\"info-btn-wrapper\"><div id=\"wd-69f2b7c891e34\" class=\"woodmart-button-wrapper text-left\"><a href=\"https:\/\/organizacionsarsar.com\/organizacion\/plan-joven\/\" title=\"PLAN JOVEN\" class=\"btn btn-color-primary btn-style-bordered btn-shape-round btn-size-default\">VER M\u00c1S<\/a><\/div><\/div>\t\t\t\t\t\t\n\t\t\t\t\t<\/div>\n\n\t\t\t\t\t<style>#wd-5f4d71edabd37 .info-box-subtitle{background-color:  !important;}<\/style>\t\t\t\t<\/div>\n\t\t\t<\/div>\n\t\t[\/vc_column][\/vc_row][vc_section full_width=\u00bbstretch_row\u00bb css=\u00bb.vc_custom_1597845806288{margin-top: 5px !important;margin-bottom: -50px !important;padding-top: 8vh !important;padding-bottom: 8vh !important;background-color: #212121 !important;background-position: center !important;background-repeat: no-repeat !important;background-size: cover !important;}\u00bb mobile_bg_img_hidden=\u00bbno\u00bb tablet_bg_img_hidden=\u00bbno\u00bb woodmart_parallax=\u00bb0&#8243; woodmart_gradient_switch=\u00bbno\u00bb woodmart_disable_overflow=\u00bb0&#8243;][vc_row equal_height=\u00bbyes\u00bb content_placement=\u00bbmiddle\u00bb css=\u00bb.vc_custom_1499604445501{margin-right: -25px !important;margin-left: -25px !important;}\u00bb][vc_column woodmart_color_scheme=\u00bblight\u00bb css=\u00bb.vc_custom_1499604612121{padding-top: 10px !important;padding-right: 25px !important;padding-bottom: 10px !important;padding-left: 25px !important;}\u00bb]\t\t\n\t\t<div id=\"wd-5f3d312fd5233\" class=\"title-wrapper  woodmart-title-color-white woodmart-title-style-default woodmart-title-width-90 text-left woodmart-title-size-extra-large vc_custom_1597845816155\">\n\t\t\t\t\t\t\n\t\t\t<div class=\"liner-continer\">\n\t\t\t\t<span class=\"left-line\"><\/span>\n\t\t\t\t<h4 class=\"woodmart-title-container title  woodmart-font-weight-\" >Solicit\u00e1 cotizaci\u00f3n<\/h4>\t\t\t\t\t\t\t\t<span class=\"right-line\"><\/span>\n\t\t\t<\/div>\n\t\t\t\n\t\t\t\t\t\t\n\t\t\t\t\t<\/div>\n\t\t\n\t\t[vc_column_text woodmart_color_scheme=\u00bbdark\u00bb el_class=\u00bbtext-larger\u00bb css=\u00bb.vc_custom_1597843584408{margin-bottom: 25px !important;}\u00bb text_larger=\u00bbno\u00bb]Complet\u00e1 el formulario y nos contactaremos a la brevedad.[\/vc_column_text]\n<div class=\"wpcf7 no-js\" id=\"wpcf7-f2240-o1\" lang=\"es-ES\" dir=\"ltr\" data-wpcf7-id=\"2240\">\n<div class=\"screen-reader-response\"><p role=\"status\" aria-live=\"polite\" aria-atomic=\"true\"><\/p> <ul><\/ul><\/div>\n<form action=\"\/organizacion\/wp-json\/wp\/v2\/pages\/1872#wpcf7-f2240-o1\" method=\"post\" class=\"wpcf7-form init\" aria-label=\"Formulario de contacto\" novalidate=\"novalidate\" data-status=\"init\">\n<fieldset class=\"hidden-fields-container\"><input type=\"hidden\" name=\"_wpcf7\" value=\"2240\" \/><input type=\"hidden\" name=\"_wpcf7_version\" value=\"6.1.5\" \/><input type=\"hidden\" name=\"_wpcf7_locale\" value=\"es_ES\" \/><input type=\"hidden\" name=\"_wpcf7_unit_tag\" value=\"wpcf7-f2240-o1\" \/><input type=\"hidden\" name=\"_wpcf7_container_post\" value=\"0\" \/><input type=\"hidden\" name=\"_wpcf7_posted_data_hash\" value=\"\" \/>\n<\/fieldset>\n<div class=\"row\">\n\t<div class=\"col-md-6\" style='margin-bottom:20px;'>\n\t\t<p><label>Nombre<\/label><span class=\"wpcf7-form-control-wrap\" data-name=\"your-name\"><input size=\"40\" maxlength=\"400\" class=\"wpcf7-form-control wpcf7-text wpcf7-validates-as-required\" aria-required=\"true\" aria-invalid=\"false\" value=\"\" type=\"text\" name=\"your-name\" \/><\/span>\n\t\t<\/p>\n\t<\/div>\n\t<div class=\"col-md-6\" style='margin-bottom:20px;'>\n\t\t<p><label>Email<\/label><span class=\"wpcf7-form-control-wrap\" data-name=\"your-email\"><input size=\"40\" maxlength=\"400\" class=\"wpcf7-form-control wpcf7-email wpcf7-validates-as-required wpcf7-text wpcf7-validates-as-email\" aria-required=\"true\" aria-invalid=\"false\" value=\"\" type=\"email\" name=\"your-email\" \/><\/span>\n\t\t<\/p>\n\t<\/div>\n<\/div>\n<div class=\"row\">\n\t<div class=\"col-md-4\" style='margin-bottom:20px;'>\n\t\t<p><label>Tel\u00e9fono<\/label><span class=\"wpcf7-form-control-wrap\" data-name=\"tel-767\"><input size=\"40\" maxlength=\"400\" class=\"wpcf7-form-control wpcf7-tel wpcf7-text wpcf7-validates-as-tel\" aria-invalid=\"false\" value=\"\" type=\"tel\" name=\"tel-767\" \/><\/span>\n\t\t<\/p>\n\t<\/div>\n\t<div class=\"col-md-4\" style='margin-bottom:20px;'>\n\t\t<p><label>Grupo Familiar<\/label><span class=\"wpcf7-form-control-wrap\" data-name=\"grupo-familiar\"><input size=\"40\" maxlength=\"400\" class=\"wpcf7-form-control wpcf7-text\" aria-invalid=\"false\" value=\"\" type=\"text\" name=\"grupo-familiar\" \/><\/span>\n\t\t<\/p>\n\t<\/div>\n\t<div class=\"col-md-4\" style='margin-bottom:20px;'>\n\t\t<p><label>Edades<\/label><span class=\"wpcf7-form-control-wrap\" data-name=\"edades\"><input size=\"40\" maxlength=\"400\" class=\"wpcf7-form-control wpcf7-text\" aria-invalid=\"false\" value=\"\" type=\"text\" name=\"edades\" \/><\/span>\n\t\t<\/p>\n\t<\/div>\n<\/div>\n<p><label>Mensaje<\/label><span class=\"wpcf7-form-control-wrap\" data-name=\"your-message\"><textarea cols=\"40\" rows=\"10\" maxlength=\"2000\" class=\"wpcf7-form-control wpcf7-textarea\" aria-invalid=\"false\" name=\"your-message\"><\/textarea><\/span>\n<\/p>\n<p><input class=\"wpcf7-form-control wpcf7-submit has-spinner btn-color-black\" type=\"submit\" value=\"ENVIAR\" \/>\n<\/p><div class=\"wpcf7-response-output\" aria-hidden=\"true\"><\/div>\n<\/form>\n<\/div>\n[vc_empty_space woodmart_hide_large=\u00bb0&#8243; woodmart_hide_medium=\u00bb0&#8243; woodmart_hide_small=\u00bb0&#8243; woodmart_hide_extra_small=\u00bb0&#8243;][\/vc_column][\/vc_row][\/vc_section]<\/p>\n","protected":false},"excerpt":{"rendered":"<p>[vc_row full_width=\u00bbstretch_row\u00bb el_class=\u00bbopacity-video-bg\u00bb css=\u00bb.vc_custom_1598882275665{margin-top: -80px !important;padding-top: 32vh !important;padding-bottom: 25vh !important;background: #0a0a0a url(https:\/\/organizacionsarsar.com\/organizacion\/wp-content\/uploads\/2020\/08\/prevencion-salud-1.jpg?id=2077) !important;background-position: center !important;background-repeat: no-repeat !important;background-size: cover !important;}\u00bb mobile_bg_img_hidden=\u00bbno\u00bb<\/p>\n","protected":false},"author":2,"featured_media":0,"parent":0,"menu_order":0,"comment_status":"closed","ping_status":"closed","template":"","meta":{"footnotes":""},"class_list":["post-1872","page","type-page","status-publish","hentry"],"_links":{"self":[{"href":"https:\/\/organizacionsarsar.com\/organizacion\/wp-json\/wp\/v2\/pages\/1872","targetHints":{"allow":["GET"]}}],"collection":[{"href":"https:\/\/organizacionsarsar.com\/organizacion\/wp-json\/wp\/v2\/pages"}],"about":[{"href":"https:\/\/organizacionsarsar.com\/organizacion\/wp-json\/wp\/v2\/types\/page"}],"author":[{"embeddable":true,"href":"https:\/\/organizacionsarsar.com\/organizacion\/wp-json\/wp\/v2\/users\/2"}],"replies":[{"embeddable":true,"href":"https:\/\/organizacionsarsar.com\/organizacion\/wp-json\/wp\/v2\/comments?post=1872"}],"version-history":[{"count":45,"href":"https:\/\/organizacionsarsar.com\/organizacion\/wp-json\/wp\/v2\/pages\/1872\/revisions"}],"predecessor-version":[{"id":2241,"href":"https:\/\/organizacionsarsar.com\/organizacion\/wp-json\/wp\/v2\/pages\/1872\/revisions\/2241"}],"wp:attachment":[{"href":"https:\/\/organizacionsarsar.com\/organizacion\/wp-json\/wp\/v2\/media?parent=1872"}],"curies":[{"name":"wp","href":"https:\/\/api.w.org\/{rel}","templated":true}]}}