{"id":1945,"date":"2020-08-25T22:54:15","date_gmt":"2020-08-25T22:54:15","guid":{"rendered":"https:\/\/organizacionsarsar.com\/organizacion\/?page_id=1945"},"modified":"2021-04-26T13:34:51","modified_gmt":"2021-04-26T13:34:51","slug":"automotores","status":"publish","type":"page","link":"https:\/\/organizacionsarsar.com\/organizacion\/automotores\/","title":{"rendered":"Automotores"},"content":{"rendered":"<p>[vc_row full_width=\u00bbstretch_row_content_no_spaces\u00bb equal_height=\u00bbyes\u00bb css=\u00bb.vc_custom_1598396575688{margin-top: -40px !important;border-top-width: 1px !important;border-top-color: #efefef !important;border-top-style: solid !important;}\u00bb mobile_bg_img_hidden=\u00bbno\u00bb tablet_bg_img_hidden=\u00bbno\u00bb woodmart_parallax=\u00bb0&#8243; woodmart_gradient_switch=\u00bbno\u00bb row_reverse_mobile=\u00bb0&#8243; row_reverse_tablet=\u00bb0&#8243; woodmart_disable_overflow=\u00bb0&#8243;][vc_column css=\u00bb.vc_custom_1497520246521{padding-top: 0px !important;}\u00bb offset=\u00bbvc_col-lg-6 vc_col-md-12 vc_col-xs-12&#8243;]\t\t<div id=\"gallery_265\" class=\"woodmart-images-gallery view-grid photoswipe-images\" >\n\t\t\t<div class=\"gallery-images row woodmart-spacing-2\">\n\t\t\t\t\t\t\t\t\t\t\t\t\t\t\t<div class=\"woodmart-gallery-item col-12\">\n\t\t\t\t\t\t\t\t\t\t\t\t\t\t<a href=\"https:\/\/organizacionsarsar.com\/organizacion\/wp-content\/uploads\/2020\/08\/automotores1.jpg\" data-index=\"1\" data-width=\"1200\" data-height=\"1000\"  >\n\t\t\t\t\t\t\t\t\t\t\t\t\t\t\t\t\n\t\t\t\t\t\t\t\t\t\t\t\t\t\t\t\t\t<img loading=\"lazy\" decoding=\"async\" class=\"woodmart-gallery-image image-1 \" src=\"https:\/\/organizacionsarsar.com\/organizacion\/wp-content\/uploads\/2020\/08\/automotores1.jpg\" width=\"1200\" height=\"1000\" alt=\"automotores1\" title=\"automotores1\" \/>\t\t\t\t\t\t\t\t\t\t\t\t\t\t\t\t\n\t\t\t\t\t\t\t\t\t\t\t\t\t\t\t<\/a>\n\t\t\t\t\t\t\t\t\t\t\t\t<\/div>\n\t\t\t\t\t\t\t\t\t\t\t<div class=\"woodmart-gallery-item col-12\">\n\t\t\t\t\t\t\t\t\t\t\t\t\t\t<a href=\"https:\/\/organizacionsarsar.com\/organizacion\/wp-content\/uploads\/2020\/08\/automotores.jpg\" data-index=\"2\" data-width=\"1200\" data-height=\"1000\"  >\n\t\t\t\t\t\t\t\t\t\t\t\t\t\t\t\t\n\t\t\t\t\t\t\t\t\t\t\t\t\t\t\t\t\t<img loading=\"lazy\" decoding=\"async\" class=\"woodmart-gallery-image image-2 \" src=\"https:\/\/organizacionsarsar.com\/organizacion\/wp-content\/uploads\/2020\/08\/automotores.jpg\" width=\"1200\" height=\"1000\" alt=\"automotores\" title=\"automotores\" \/>\t\t\t\t\t\t\t\t\t\t\t\t\t\t\t\t\n\t\t\t\t\t\t\t\t\t\t\t\t\t\t\t<\/a>\n\t\t\t\t\t\t\t\t\t\t\t\t<\/div>\n\t\t\t\t\t\t\t\t\t\t\t\t<\/div>\n\t\t<\/div>\n\t\t\t\t[\/vc_column][vc_column woodmart_sticky_column=\u00bbtrue\u00bb css=\u00bb.vc_custom_1499677904738{padding-top: 8vh !important;padding-right: 5% !important;padding-left: 7% !important;}\u00bb offset=\u00bbvc_col-lg-5 vc_col-md-8 vc_col-xs-12&#8243;]\t\t\n\t\t<div id=\"wd-5f4596268e5ac\" class=\"title-wrapper  woodmart-title-color-default woodmart-title-style-default woodmart-title-width-100 text-left woodmart-title-size-custom vc_custom_1598395948270\">\n\t\t\t\t\t\t\n\t\t\t<div class=\"liner-continer\">\n\t\t\t\t<span class=\"left-line\"><\/span>\n\t\t\t\t<h4 class=\"woodmart-title-container title  woodmart-font-weight-\" >Automotores<\/h4>\t\t\t\t\t\t\t\t<span class=\"right-line\"><\/span>\n\t\t\t<\/div>\n\t\t\t\n\t\t\t\t\t\t\n\t\t\t\t\t<\/div>\n\t\t\n\t\t[vc_custom_heading text=\u00bbEn Organizaci\u00f3n Sar Sar trabajamos para que cada uno de nuestros clientes tenga lo que necesita, porque eso nos hace ser l\u00edderes en el mercado asegurador y poder ofrecerte la mejor cobertura para tu auto. Conoc\u00e9 nuestros planes de cobertura.\u00bb google_fonts=\u00bbfont_family:Quicksand%3A300%2Cregular%2C700|font_style:400%20regular%3A400%3Anormal\u00bb][vc_empty_space woodmart_hide_large=\u00bb0&#8243; woodmart_hide_medium=\u00bb0&#8243; woodmart_hide_small=\u00bb0&#8243; woodmart_hide_extra_small=\u00bb0&#8243;][vc_column_text 0=\u00bb\u00bb css=\u00bb.vc_custom_1598396035645{margin-bottom: 25px !important;padding-right: 5% !important;}\u00bb el_class=\u00bbtext-larger\u00bb text_larger=\u00bbno\u00bb]<\/p>\n<ul>\n<li>\n<h4>Responsabilidad Civil<\/h4>\n<\/li>\n<li>\n<h4>Terceros Completos<\/h4>\n<\/li>\n<li>\n<h4>Coberturas Premium<\/h4>\n<\/li>\n<li>\n<h4>Coberturas Todo Riesgo<\/h4>\n<\/li>\n<\/ul>\n<p>[\/vc_column_text][vc_empty_space woodmart_hide_large=\u00bb0&#8243; woodmart_hide_medium=\u00bb0&#8243; woodmart_hide_small=\u00bb0&#8243; woodmart_hide_extra_small=\u00bb0&#8243;][\/vc_column][\/vc_row][vc_section full_width=\u00bbstretch_row\u00bb css=\u00bb.vc_custom_1598396562736{margin-top: -90px !important;margin-bottom: -50px !important;padding-top: 8vh !important;padding-bottom: 8vh !important;background-color: #212121 !important;background-position: center !important;background-repeat: no-repeat !important;background-size: cover !important;}\u00bb mobile_bg_img_hidden=\u00bbno\u00bb tablet_bg_img_hidden=\u00bbno\u00bb woodmart_parallax=\u00bb0&#8243; woodmart_gradient_switch=\u00bbno\u00bb woodmart_disable_overflow=\u00bb0&#8243;][vc_row equal_height=\u00bbyes\u00bb content_placement=\u00bbmiddle\u00bb css=\u00bb.vc_custom_1499604445501{margin-right: -25px !important;margin-left: -25px !important;}\u00bb][vc_column woodmart_color_scheme=\u00bblight\u00bb css=\u00bb.vc_custom_1499604612121{padding-top: 10px !important;padding-right: 25px !important;padding-bottom: 10px !important;padding-left: 25px !important;}\u00bb]\t\t\n\t\t<div id=\"wd-5f3d312fd5233\" class=\"title-wrapper  woodmart-title-color-white woodmart-title-style-default woodmart-title-width-90 text-left woodmart-title-size-extra-large vc_custom_1597845816155\">\n\t\t\t\t\t\t\n\t\t\t<div class=\"liner-continer\">\n\t\t\t\t<span class=\"left-line\"><\/span>\n\t\t\t\t<h4 class=\"woodmart-title-container title  woodmart-font-weight-\" >Solicit\u00e1 cotizaci\u00f3n<\/h4>\t\t\t\t\t\t\t\t<span class=\"right-line\"><\/span>\n\t\t\t<\/div>\n\t\t\t\n\t\t\t\t\t\t\n\t\t\t\t\t<\/div>\n\t\t\n\t\t[vc_column_text woodmart_color_scheme=\u00bbdark\u00bb el_class=\u00bbtext-larger\u00bb css=\u00bb.vc_custom_1597843584408{margin-bottom: 25px !important;}\u00bb text_larger=\u00bbno\u00bb]Complet\u00e1 el formulario y nos contactaremos a la brevedad.[\/vc_column_text]\n<div class=\"wpcf7 no-js\" id=\"wpcf7-f1847-o1\" lang=\"es-ES\" dir=\"ltr\" data-wpcf7-id=\"1847\">\n<div class=\"screen-reader-response\"><p role=\"status\" aria-live=\"polite\" aria-atomic=\"true\"><\/p> <ul><\/ul><\/div>\n<form action=\"\/organizacion\/wp-json\/wp\/v2\/pages\/1945#wpcf7-f1847-o1\" method=\"post\" class=\"wpcf7-form init\" aria-label=\"Formulario de contacto\" novalidate=\"novalidate\" data-status=\"init\">\n<fieldset class=\"hidden-fields-container\"><input type=\"hidden\" name=\"_wpcf7\" value=\"1847\" \/><input type=\"hidden\" name=\"_wpcf7_version\" value=\"6.1.5\" \/><input type=\"hidden\" name=\"_wpcf7_locale\" value=\"es_ES\" \/><input type=\"hidden\" name=\"_wpcf7_unit_tag\" value=\"wpcf7-f1847-o1\" \/><input type=\"hidden\" name=\"_wpcf7_container_post\" value=\"0\" \/><input type=\"hidden\" name=\"_wpcf7_posted_data_hash\" value=\"\" \/>\n<\/fieldset>\n<div class=\"row\">\n\t<div class=\"col-md-6\" style='margin-bottom:20px;'>\n\t\t<p><label>Nombre<\/label><span class=\"wpcf7-form-control-wrap\" data-name=\"your-name\"><input size=\"40\" maxlength=\"400\" class=\"wpcf7-form-control wpcf7-text wpcf7-validates-as-required\" aria-required=\"true\" aria-invalid=\"false\" value=\"\" type=\"text\" name=\"your-name\" \/><\/span>\n\t\t<\/p>\n\t<\/div>\n\t<div class=\"col-md-6\" style='margin-bottom:20px;'>\n\t\t<p><label>Email<\/label><span class=\"wpcf7-form-control-wrap\" data-name=\"your-email\"><input size=\"40\" maxlength=\"400\" class=\"wpcf7-form-control wpcf7-email wpcf7-validates-as-required wpcf7-text wpcf7-validates-as-email\" aria-required=\"true\" aria-invalid=\"false\" value=\"\" type=\"email\" name=\"your-email\" \/><\/span>\n\t\t<\/p>\n\t<\/div>\n<\/div>\n<div class=\"row\">\n\t<div class=\"col-md-6\" style='margin-bottom:20px;'>\n\t\t<p><label>Tel\u00e9fono<\/label><span class=\"wpcf7-form-control-wrap\" data-name=\"tel-767\"><input size=\"40\" maxlength=\"400\" class=\"wpcf7-form-control wpcf7-tel wpcf7-text wpcf7-validates-as-tel\" aria-invalid=\"false\" value=\"\" type=\"tel\" name=\"tel-767\" \/><\/span>\n\t\t<\/p>\n\t<\/div>\n\t<div class=\"col-md-6\" style='margin-bottom:20px;'>\n\t\t<p><label>Localidad<\/label><span class=\"wpcf7-form-control-wrap\" data-name=\"text-1\"><input size=\"40\" maxlength=\"400\" class=\"wpcf7-form-control wpcf7-text\" aria-invalid=\"false\" value=\"\" type=\"text\" name=\"text-1\" \/><\/span>\n\t\t<\/p>\n\t<\/div>\n<\/div>\n<div class=\"row\">\n\t<div class=\"col-md-3\" style='margin-bottom:20px;'>\n\t\t<p><label>Marca<\/label><span class=\"wpcf7-form-control-wrap\" data-name=\"marca\"><input size=\"40\" maxlength=\"400\" class=\"wpcf7-form-control wpcf7-text\" aria-invalid=\"false\" value=\"\" type=\"text\" name=\"marca\" \/><\/span>\n\t\t<\/p>\n\t<\/div>\n\t<div class=\"col-md-3\" style='margin-bottom:20px;'>\n\t\t<p><label>Modelo<\/label><span class=\"wpcf7-form-control-wrap\" data-name=\"modelo\"><input size=\"40\" maxlength=\"400\" class=\"wpcf7-form-control wpcf7-text\" aria-invalid=\"false\" value=\"\" type=\"text\" name=\"modelo\" \/><\/span>\n\t\t<\/p>\n\t<\/div>\n\t<div class=\"col-md-3\" style='margin-bottom:20px;'>\n\t\t<p><label>A\u00f1o<\/label><span class=\"wpcf7-form-control-wrap\" data-name=\"ao\"><input class=\"wpcf7-form-control wpcf7-number wpcf7-validates-as-number\" aria-invalid=\"false\" value=\"\" type=\"number\" name=\"ao\" \/><\/span>\n\t\t<\/p>\n\t<\/div>\n\t<div class=\"col-md-3\" style='margin-bottom:20px;'>\n\t\t<p><label>Gas<\/label><span class=\"wpcf7-form-control-wrap\" data-name=\"gas\"><span class=\"wpcf7-form-control wpcf7-checkbox\"><span class=\"wpcf7-list-item first\"><input type=\"checkbox\" name=\"gas[]\" value=\"SI\" \/><span class=\"wpcf7-list-item-label\">SI<\/span><\/span><span class=\"wpcf7-list-item last\"><input type=\"checkbox\" name=\"gas[]\" value=\"NO\" \/><span class=\"wpcf7-list-item-label\">NO<\/span><\/span><\/span><\/span><br \/>\n<label>Cubiertas especiales<\/label><span class=\"wpcf7-form-control-wrap\" data-name=\"cubiertas\"><span class=\"wpcf7-form-control wpcf7-checkbox\"><span class=\"wpcf7-list-item first\"><input type=\"checkbox\" name=\"cubiertas[]\" value=\"SI\" \/><span class=\"wpcf7-list-item-label\">SI<\/span><\/span><span class=\"wpcf7-list-item last\"><input type=\"checkbox\" name=\"cubiertas[]\" value=\"NO\" \/><span class=\"wpcf7-list-item-label\">NO<\/span><\/span><\/span><\/span>\n\t\t<\/p>\n\t<\/div>\n<\/div>\n<p><label>Mensaje<\/label><span class=\"wpcf7-form-control-wrap\" data-name=\"your-message\"><textarea cols=\"40\" rows=\"10\" maxlength=\"2000\" class=\"wpcf7-form-control wpcf7-textarea\" aria-invalid=\"false\" name=\"your-message\"><\/textarea><\/span>\n<\/p>\n<p><input class=\"wpcf7-form-control wpcf7-submit has-spinner btn-color-black\" type=\"submit\" value=\"ENVIAR\" \/>\n<\/p><div class=\"wpcf7-response-output\" aria-hidden=\"true\"><\/div>\n<\/form>\n<\/div>\n[vc_empty_space woodmart_hide_large=\u00bb0&#8243; woodmart_hide_medium=\u00bb0&#8243; woodmart_hide_small=\u00bb0&#8243; woodmart_hide_extra_small=\u00bb0&#8243;][\/vc_column][\/vc_row][\/vc_section]<\/p>\n","protected":false},"excerpt":{"rendered":"<p>[vc_row full_width=\u00bbstretch_row_content_no_spaces\u00bb equal_height=\u00bbyes\u00bb css=\u00bb.vc_custom_1598396575688{margin-top: -40px !important;border-top-width: 1px !important;border-top-color: #efefef !important;border-top-style: solid !important;}\u00bb mobile_bg_img_hidden=\u00bbno\u00bb tablet_bg_img_hidden=\u00bbno\u00bb woodmart_parallax=\u00bb0&#8243; woodmart_gradient_switch=\u00bbno\u00bb row_reverse_mobile=\u00bb0&#8243; row_reverse_tablet=\u00bb0&#8243; woodmart_disable_overflow=\u00bb0&#8243;][vc_column css=\u00bb.vc_custom_1497520246521{padding-top:<\/p>\n","protected":false},"author":2,"featured_media":0,"parent":0,"menu_order":0,"comment_status":"closed","ping_status":"closed","template":"","meta":{"footnotes":""},"class_list":["post-1945","page","type-page","status-publish","hentry"],"_links":{"self":[{"href":"https:\/\/organizacionsarsar.com\/organizacion\/wp-json\/wp\/v2\/pages\/1945","targetHints":{"allow":["GET"]}}],"collection":[{"href":"https:\/\/organizacionsarsar.com\/organizacion\/wp-json\/wp\/v2\/pages"}],"about":[{"href":"https:\/\/organizacionsarsar.com\/organizacion\/wp-json\/wp\/v2\/types\/page"}],"author":[{"embeddable":true,"href":"https:\/\/organizacionsarsar.com\/organizacion\/wp-json\/wp\/v2\/users\/2"}],"replies":[{"embeddable":true,"href":"https:\/\/organizacionsarsar.com\/organizacion\/wp-json\/wp\/v2\/comments?post=1945"}],"version-history":[{"count":8,"href":"https:\/\/organizacionsarsar.com\/organizacion\/wp-json\/wp\/v2\/pages\/1945\/revisions"}],"predecessor-version":[{"id":2294,"href":"https:\/\/organizacionsarsar.com\/organizacion\/wp-json\/wp\/v2\/pages\/1945\/revisions\/2294"}],"wp:attachment":[{"href":"https:\/\/organizacionsarsar.com\/organizacion\/wp-json\/wp\/v2\/media?parent=1945"}],"curies":[{"name":"wp","href":"https:\/\/api.w.org\/{rel}","templated":true}]}}