{"id":2133,"date":"2020-08-31T21:23:50","date_gmt":"2020-08-31T21:23:50","guid":{"rendered":"https:\/\/organizacionsarsar.com\/organizacion\/?page_id=2133"},"modified":"2020-09-29T13:48:16","modified_gmt":"2020-09-29T13:48:16","slug":"plan-a5","status":"publish","type":"page","link":"https:\/\/organizacionsarsar.com\/organizacion\/plan-a5\/","title":{"rendered":"PLAN A5"},"content":{"rendered":"<p>[vc_row full_width=\u00bbstretch_row_content_no_spaces\u00bb equal_height=\u00bbyes\u00bb css=\u00bb.vc_custom_1598883949368{margin-top: -40px !important;margin-bottom: -40px !important;border-top-width: 1px !important;border-top-color: #efefef !important;border-top-style: solid !important;}\u00bb mobile_bg_img_hidden=\u00bbno\u00bb tablet_bg_img_hidden=\u00bbno\u00bb woodmart_parallax=\u00bb0&#8243; woodmart_gradient_switch=\u00bbno\u00bb row_reverse_mobile=\u00bb0&#8243; row_reverse_tablet=\u00bb0&#8243; woodmart_disable_overflow=\u00bb0&#8243;][vc_column css=\u00bb.vc_custom_1497520246521{padding-top: 0px !important;}\u00bb offset=\u00bbvc_col-lg-6 vc_col-md-12 vc_col-xs-12&#8243;]\t\t<div id=\"gallery_357\" class=\"woodmart-images-gallery view-grid photoswipe-images\" >\n\t\t\t<div class=\"gallery-images row woodmart-spacing-2\">\n\t\t\t\t\t\t\t\t\t\t\t\t\t\t\t<div class=\"woodmart-gallery-item col-12\">\n\t\t\t\t\t\t\t\t\t\t\t\t\t\t<a href=\"https:\/\/organizacionsarsar.com\/organizacion\/wp-content\/uploads\/2020\/08\/planA5.jpg\" data-index=\"1\" data-width=\"1200\" data-height=\"1000\"  >\n\t\t\t\t\t\t\t\t\t\t\t\t\t\t\t\t\n\t\t\t\t\t\t\t\t\t\t\t\t\t\t\t\t\t<img loading=\"lazy\" decoding=\"async\" class=\"woodmart-gallery-image image-1 \" src=\"https:\/\/organizacionsarsar.com\/organizacion\/wp-content\/uploads\/2020\/08\/planA5.jpg\" width=\"1200\" height=\"1000\" alt=\"planA5\" title=\"planA5\" \/>\t\t\t\t\t\t\t\t\t\t\t\t\t\t\t\t\n\t\t\t\t\t\t\t\t\t\t\t\t\t\t\t<\/a>\n\t\t\t\t\t\t\t\t\t\t\t\t<\/div>\n\t\t\t\t\t\t\t\t\t\t\t<div class=\"woodmart-gallery-item col-12\">\n\t\t\t\t\t\t\t\t\t\t\t\t\t\t<a href=\"https:\/\/organizacionsarsar.com\/organizacion\/wp-content\/uploads\/2020\/08\/planA52.jpg\" data-index=\"2\" data-width=\"1200\" data-height=\"1000\"  >\n\t\t\t\t\t\t\t\t\t\t\t\t\t\t\t\t\n\t\t\t\t\t\t\t\t\t\t\t\t\t\t\t\t\t<img loading=\"lazy\" decoding=\"async\" class=\"woodmart-gallery-image image-2 \" src=\"https:\/\/organizacionsarsar.com\/organizacion\/wp-content\/uploads\/2020\/08\/planA52.jpg\" width=\"1200\" height=\"1000\" alt=\"planA52\" title=\"planA52\" \/>\t\t\t\t\t\t\t\t\t\t\t\t\t\t\t\t\n\t\t\t\t\t\t\t\t\t\t\t\t\t\t\t<\/a>\n\t\t\t\t\t\t\t\t\t\t\t\t<\/div>\n\t\t\t\t\t\t\t\t\t\t\t<div class=\"woodmart-gallery-item col-12\">\n\t\t\t\t\t\t\t\t\t\t\t\t\t\t<a href=\"https:\/\/organizacionsarsar.com\/organizacion\/wp-content\/uploads\/2020\/08\/planA53.jpg\" data-index=\"3\" data-width=\"1200\" data-height=\"1000\"  >\n\t\t\t\t\t\t\t\t\t\t\t\t\t\t\t\t\n\t\t\t\t\t\t\t\t\t\t\t\t\t\t\t\t\t<img loading=\"lazy\" decoding=\"async\" class=\"woodmart-gallery-image image-3 \" src=\"https:\/\/organizacionsarsar.com\/organizacion\/wp-content\/uploads\/2020\/08\/planA53.jpg\" width=\"1200\" height=\"1000\" alt=\"planA53\" title=\"planA53\" \/>\t\t\t\t\t\t\t\t\t\t\t\t\t\t\t\t\n\t\t\t\t\t\t\t\t\t\t\t\t\t\t\t<\/a>\n\t\t\t\t\t\t\t\t\t\t\t\t<\/div>\n\t\t\t\t\t\t\t\t\t\t\t\t<\/div>\n\t\t<\/div>\n\t\t\t\t[\/vc_column][vc_column woodmart_sticky_column=\u00bbtrue\u00bb css=\u00bb.vc_custom_1499677904738{padding-top: 8vh !important;padding-right: 5% !important;padding-left: 7% !important;}\u00bb offset=\u00bbvc_col-lg-5 vc_col-md-8 vc_col-xs-12&#8243;]\t\t\n\t\t<div id=\"wd-5f4d6901388a9\" class=\"title-wrapper  woodmart-title-color-default woodmart-title-style-default woodmart-title-width-100 text-left woodmart-title-size-custom vc_custom_1598908675865\">\n\t\t\t\t\t\t\n\t\t\t<div class=\"liner-continer\">\n\t\t\t\t<span class=\"left-line\"><\/span>\n\t\t\t\t<h4 class=\"woodmart-title-container title  woodmart-font-weight-\" >PLAN A5<\/h4>\t\t\t\t\t\t\t\t<span class=\"right-line\"><\/span>\n\t\t\t<\/div>\n\t\t\t\n\t\t\t\t\t\t\n\t\t\t\t\t<\/div>\n\t\t\n\t\t[vc_custom_heading text=\u00bbUn servicio de excelencia con habitaci\u00f3n en suite y muchos otros diferenciales.\u00bb google_fonts=\u00bbfont_family:Quicksand%3A300%2Cregular%2C700|font_style:400%20regular%3A400%3Anormal\u00bb][vc_empty_space woodmart_hide_large=\u00bb0&#8243; woodmart_hide_medium=\u00bb0&#8243; woodmart_hide_small=\u00bb0&#8243; woodmart_hide_extra_small=\u00bb0&#8243;][vc_column_text 0=\u00bb\u00bb css=\u00bb.vc_custom_1598908705981{margin-bottom: 25px !important;padding-right: 5% !important;}\u00bb el_class=\u00bbtext-larger\u00bb text_larger=\u00bbno\u00bb]<strong>Habitaci\u00f3n VIP en caso de internaci\u00f3n. Chequeo m\u00e9dico anual. Cobertura nacional e internacional.\u00a0<\/strong><\/p>\n<p>Con este plan acced\u00e9s a cirug\u00edas est\u00e9ticas y refractiva. Los reintegros son superadores. Acced\u00e9s a habitaciones VIP. Ofrecemos una mayor cobertura en flebolog\u00eda y \u00f3ptica.<\/p>\n<p>En odontolog\u00eda implantes y pr\u00f3tesis tambi\u00e9n cuentan con una cobertura mayor.<\/p>\n<p>Pr\u00f3tesis importadas al 100%.<\/p>\n<p>Te ofrecemos chequeos m\u00e9dicos y ecograf\u00eda 3D, 4D o 5D. Cont\u00e1s con una cobertura del 50% en vadem\u00e9cum y por \u00faltimo, como estamos a tu lado cuando lo necesit\u00e1s, el servicio de asistencia al viajero cuenta con cobertura nacional e internacional.[\/vc_column_text][vc_raw_html]JTNDaWZyYW1lJTIwd2lkdGglM0QlMjI1NjAlMjIlMjBoZWlnaHQlM0QlMjIzMTUlMjIlMjBzcmMlM0QlMjJodHRwcyUzQSUyRiUyRnd3dy55b3V0dWJlLmNvbSUyRmVtYmVkJTJGeGE5UVMzM1p5eG8lMjIlMjBmcmFtZWJvcmRlciUzRCUyMjAlMjIlMjBhbGxvdyUzRCUyMmFjY2VsZXJvbWV0ZXIlM0IlMjBhdXRvcGxheSUzQiUyMGNsaXBib2FyZC13cml0ZSUzQiUyMGVuY3J5cHRlZC1tZWRpYSUzQiUyMGd5cm9zY29wZSUzQiUyMHBpY3R1cmUtaW4tcGljdHVyZSUyMiUyMGFsbG93ZnVsbHNjcmVlbiUzRSUzQyUyRmlmcmFtZSUzRQ==[\/vc_raw_html][vc_empty_space woodmart_hide_large=\u00bb0&#8243; woodmart_hide_medium=\u00bb0&#8243; woodmart_hide_small=\u00bb0&#8243; woodmart_hide_extra_small=\u00bb0&#8243;]<div id=\"wd-5f733b14bd0fe\" class=\"woodmart-button-wrapper text-center\"><a href=\"https:\/\/organizacionsarsar.com\/organizacion\/wp-content\/uploads\/2020\/09\/planA5.pdf\" title=\"\" target=\"_blank\" class=\"btn btn-color-default btn-style-bordered btn-shape-round btn-size-default\">DESCARGAR FOLLETO<\/a><\/div>[vc_empty_space height=\u00bb52px\u00bb woodmart_hide_large=\u00bb0&#8243; woodmart_hide_medium=\u00bb0&#8243; woodmart_hide_small=\u00bb0&#8243; woodmart_hide_extra_small=\u00bb0&#8243;][\/vc_column][\/vc_row]<\/p>\n","protected":false},"excerpt":{"rendered":"<p>[vc_row full_width=\u00bbstretch_row_content_no_spaces\u00bb equal_height=\u00bbyes\u00bb css=\u00bb.vc_custom_1598883949368{margin-top: -40px !important;margin-bottom: -40px !important;border-top-width: 1px !important;border-top-color: #efefef !important;border-top-style: solid !important;}\u00bb mobile_bg_img_hidden=\u00bbno\u00bb tablet_bg_img_hidden=\u00bbno\u00bb woodmart_parallax=\u00bb0&#8243; woodmart_gradient_switch=\u00bbno\u00bb row_reverse_mobile=\u00bb0&#8243; row_reverse_tablet=\u00bb0&#8243;<\/p>\n","protected":false},"author":2,"featured_media":0,"parent":0,"menu_order":0,"comment_status":"closed","ping_status":"closed","template":"","meta":{"footnotes":""},"class_list":["post-2133","page","type-page","status-publish","hentry"],"_links":{"self":[{"href":"https:\/\/organizacionsarsar.com\/organizacion\/wp-json\/wp\/v2\/pages\/2133","targetHints":{"allow":["GET"]}}],"collection":[{"href":"https:\/\/organizacionsarsar.com\/organizacion\/wp-json\/wp\/v2\/pages"}],"about":[{"href":"https:\/\/organizacionsarsar.com\/organizacion\/wp-json\/wp\/v2\/types\/page"}],"author":[{"embeddable":true,"href":"https:\/\/organizacionsarsar.com\/organizacion\/wp-json\/wp\/v2\/users\/2"}],"replies":[{"embeddable":true,"href":"https:\/\/organizacionsarsar.com\/organizacion\/wp-json\/wp\/v2\/comments?post=2133"}],"version-history":[{"count":6,"href":"https:\/\/organizacionsarsar.com\/organizacion\/wp-json\/wp\/v2\/pages\/2133\/revisions"}],"predecessor-version":[{"id":2263,"href":"https:\/\/organizacionsarsar.com\/organizacion\/wp-json\/wp\/v2\/pages\/2133\/revisions\/2263"}],"wp:attachment":[{"href":"https:\/\/organizacionsarsar.com\/organizacion\/wp-json\/wp\/v2\/media?parent=2133"}],"curies":[{"name":"wp","href":"https:\/\/api.w.org\/{rel}","templated":true}]}}